{"id":12,"date":"2023-01-20T12:57:58","date_gmt":"2023-01-20T12:57:58","guid":{"rendered":"http:\/\/usti-pronajem.cz\/zasady-ochrany-osobnich-udaju"},"modified":"2023-02-16T12:32:31","modified_gmt":"2023-02-16T12:32:31","slug":"ochrana-osobnich-udaju","status":"publish","type":"page","link":"https:\/\/usti-pronajem.cz\/ochrana-osobnich-udaju\/","title":{"rendered":"Ochrana osobn\u00edch \u00fadaj\u016f"},"content":{"rendered":"<div id=\"comp-l2g6kgv7\" class=\"KcpHeO tz5f0K comp-l2g6kgv7 wixui-text\" data-testid=\"richTextElement\">\n<h3 class=\"font_2\">I. Z\u00e1kladn\u00ed ustanoven\u00ed<\/h3>\n<\/div>\n<div id=\"comp-l2g6kgv9\" class=\"KcpHeO tz5f0K comp-l2g6kgv9 wixui-text\" data-testid=\"richTextElement\">\n<p class=\"font_8\">Spr\u00e1vcem osobn\u00edch \u00fadaj\u016f podle \u010dl. 4 bod 7 na\u0159\u00edzen\u00ed Evropsk\u00e9ho parlamentu a Rady (EU) 2016\/679 o ochran\u011b fyzick\u00fdch osob v souvislosti se zpracov\u00e1n\u00edm osobn\u00edch \u00fadaj\u016f a o voln\u00e9m pohybu t\u011bchto \u00fadaj\u016f (d\u00e1le jen: \u201eGDPR\u201d) je Znaleck\u00e1 a poradensk\u00e1 kancel\u00e1\u0159 s.r.o. , I\u010c 28478134 se s\u00eddlem Karmelitsk\u00e1 379\/18, Praha 1, 118 00 d\u00e1le jen: \u201espr\u00e1vce\u201c).<\/p>\n<p class=\"font_8\">Kontaktn\u00ed \u00fadaje spr\u00e1vce jsou:<\/p>\n<ul class=\"font_8\">\n<li>\n<p class=\"font_8\">adresa: Karmelitsk\u00e1 379\/18, Praha 1, 118 00<\/p>\n<\/li>\n<li>\n<p class=\"font_8\">email:\u00a0<a href=\"mailto:info@vynosbezrizika.cz\" data-auto-recognition=\"true\">info@vynosbezrizika.cz<\/a><\/p>\n<\/li>\n<li>\n<p class=\"font_8\">telefon: +420 778 461 474<\/p>\n<\/li>\n<\/ul>\n<p class=\"font_8\">Osobn\u00edmi \u00fadaji se rozum\u00ed ve\u0161ker\u00e9 informace o identifikovan\u00e9 nebo identifikovateln\u00e9 fyzick\u00e9 osob\u011b; identifikovatelnou fyzickou osobou je fyzick\u00e1 osoba, kterou lze p\u0159\u00edmo \u010di nep\u0159\u00edmo identifikovat, zejm\u00e9na odkazem na ur\u010dit\u00fd identifik\u00e1tor, nap\u0159\u00edklad jm\u00e9no, identifika\u010dn\u00ed \u010d\u00edslo, loka\u010dn\u00ed \u00fadaje, s\u00ed\u0165ov\u00fd identifik\u00e1tor nebo na jeden \u010di v\u00edce zvl\u00e1\u0161tn\u00edch prvk\u016f fyzick\u00e9, fyziologick\u00e9, genetick\u00e9, psychick\u00e9, ekonomick\u00e9, kulturn\u00ed nebo spole\u010densk\u00e9 identity t\u00e9to fyzick\u00e9 osoby.<\/p>\n<p class=\"font_8\">Spr\u00e1vce nejmenoval pov\u011b\u0159ence pro ochranu osobn\u00edch \u00fadaj\u016f.<\/p>\n<\/div>\n<div id=\"comp-l2hpdrm9\" class=\"KcpHeO tz5f0K comp-l2hpdrm9 wixui-text\" data-testid=\"richTextElement\">\n<h3 class=\"font_2\">II. Zdroje a kategorie zpracov\u00e1van\u00fdch osobn\u00edch \u00fadaj\u016f<\/h3>\n<\/div>\n<div id=\"comp-l2hpebxd\" class=\"KcpHeO tz5f0K comp-l2hpebxd wixui-text\" data-testid=\"richTextElement\">\n<p class=\"font_8\">Spr\u00e1vce zpracov\u00e1v\u00e1 osobn\u00ed \u00fadaje, kter\u00e9 jste mu poskytl\/a nebo osobn\u00ed \u00fadaje, kter\u00e9 spr\u00e1vce z\u00edskal na z\u00e1klad\u011b pln\u011bn\u00ed Va\u0161\u00ed objedn\u00e1vky.<\/p>\n<p class=\"font_8\">Spr\u00e1vce zpracov\u00e1v\u00e1 Va\u0161e identifika\u010dn\u00ed a kontaktn\u00ed \u00fadaje a \u00fadaje nezbytn\u00e9 pro pln\u011bn\u00ed smlouvy.<\/p>\n<\/div>\n<div id=\"comp-l2hpf4yg\" class=\"KcpHeO tz5f0K comp-l2hpf4yg wixui-text\" data-testid=\"richTextElement\">\n<h3 class=\"font_2\">III. Z\u00e1konn\u00fd d\u016fvod a \u00fa\u010del zpracov\u00e1n\u00ed osobn\u00edch \u00fadaj\u016f<\/h3>\n<\/div>\n<div id=\"comp-l2hpfgw8\" class=\"KcpHeO tz5f0K comp-l2hpfgw8 wixui-text\" data-testid=\"richTextElement\">\n<p class=\"font_8\">1. Z\u00e1konn\u00fdm d\u016fvodem zpracov\u00e1n\u00ed osobn\u00edch \u00fadaj\u016f je\u200b<\/p>\n<ul class=\"font_8\">\n<li>\n<p class=\"font_8\">pln\u011bn\u00ed smlouvy mezi V\u00e1mi a spr\u00e1vcem podle \u010dl. 6 odst. 1 p\u00edsm. b) GDPR<\/p>\n<\/li>\n<li>\n<p class=\"font_8\">opr\u00e1vn\u011bn\u00fd z\u00e1jem spr\u00e1vce na poskytov\u00e1n\u00ed p\u0159\u00edm\u00e9ho marketingu (zejm\u00e9na pro zas\u00edl\u00e1n\u00ed obchodn\u00edch sd\u011blen\u00ed a newsletter\u016f) podle \u010dl. 6 odst. 1 p\u00edsm. f) GDPR,<\/p>\n<\/li>\n<li>\n<p class=\"font_8\">V\u00e1\u0161 souhlas se zpracov\u00e1n\u00edm pro \u00fa\u010dely poskytov\u00e1n\u00ed p\u0159\u00edm\u00e9ho marketingu (zejm\u00e9na pro zas\u00edl\u00e1n\u00ed obchodn\u00edch sd\u011blen\u00ed a newsletter\u016f) podle \u010dl. 6 odst. 1 p\u00edsm. a) GDPR ve spojen\u00ed s \u00a7 7 odst. 2 z\u00e1kona \u010d. 480\/2004 Sb., o n\u011bkter\u00fdch slu\u017eb\u00e1ch informa\u010dn\u00ed spole\u010dnosti v p\u0159\u00edpad\u011b, \u017ee nedo\u0161lo k objedn\u00e1vce zbo\u017e\u00ed nebo slu\u017eby.<\/p>\n<\/li>\n<\/ul>\n<p class=\"font_8\"><span class=\"wixGuard\">\u200b<\/span><\/p>\n<p class=\"font_8\">2. \u00da\u010delem zpracov\u00e1n\u00ed osobn\u00edch \u00fadaj\u016f je<\/p>\n<ul class=\"font_8\">\n<li>\n<p class=\"font_8\">vy\u0159\u00edzen\u00ed Va\u0161\u00ed objedn\u00e1vky a v\u00fdkon pr\u00e1v a povinnost\u00ed vypl\u00fdvaj\u00edc\u00edch ze smluvn\u00edho vztahu mezi V\u00e1mi a spr\u00e1vcem; p\u0159i objedn\u00e1vce jsou vy\u017eadov\u00e1ny osobn\u00ed \u00fadaje, kter\u00e9 jsou nutn\u00e9 pro \u00fasp\u011b\u0161n\u00e9 vy\u0159\u00edzen\u00ed objedn\u00e1vky (jm\u00e9no a adresa, kontakt), poskytnut\u00ed osobn\u00edch \u00fadaj\u016f je nutn\u00fdm po\u017eadavkem pro uzav\u0159en\u00ed a pln\u011bn\u00ed smlouvy, bez poskytnut\u00ed osobn\u00edch \u00fadaj\u016f nen\u00ed mo\u017en\u00e9 smlouvu uzav\u0159\u00edt \u010di j\u00ed ze strany spr\u00e1vce plnit.<\/p>\n<\/li>\n<li>\n<p class=\"font_8\">zas\u00edl\u00e1n\u00ed obchodn\u00edch sd\u011blen\u00ed a \u010din\u011bn\u00ed dal\u0161\u00edch marketingov\u00fdch aktivit.<\/p>\n<\/li>\n<\/ul>\n<p class=\"font_8\">Ze strany spr\u00e1vce nedoch\u00e1z\u00ed k automatick\u00e9mu individu\u00e1ln\u00edmu rozhodov\u00e1n\u00ed ve smyslu \u010dl. 22 GDPR. S takov\u00fdm zpracov\u00e1n\u00edm jste poskytl\/a sv\u016fj v\u00fdslovn\u00fd souhlas.<\/p>\n<\/div>\n<div id=\"comp-l2hpkqw5\" class=\"KcpHeO tz5f0K comp-l2hpkqw5 wixui-text\" data-testid=\"richTextElement\">\n<h3 class=\"font_2\">IV. Doba uchov\u00e1v\u00e1n\u00ed \u00fadaj\u016f<\/h3>\n<\/div>\n<div id=\"comp-l2hpkqwd\" class=\"KcpHeO tz5f0K comp-l2hpkqwd wixui-text\" data-testid=\"richTextElement\">\n<p class=\"font_8\">Spr\u00e1vce uchov\u00e1v\u00e1 osobn\u00ed \u00fadaje<\/p>\n<ul class=\"font_8\">\n<li>\n<p class=\"font_8\">po dobu nezbytnou k v\u00fdkonu pr\u00e1v a povinnost\u00ed vypl\u00fdvaj\u00edc\u00edch ze smluvn\u00edho vztahu mezi V\u00e1mi a spr\u00e1vcem a uplat\u0148ov\u00e1n\u00ed n\u00e1rok\u016f z t\u011bchto smluvn\u00edch vztah\u016f (po dobu 15 let od ukon\u010den\u00ed smluvn\u00edho vztahu)<\/p>\n<\/li>\n<li>\n<p class=\"font_8\">po dobu, ne\u017e je odvol\u00e1n souhlas se zpracov\u00e1n\u00edm osobn\u00edch \u00fadaj\u016f pro \u00fa\u010dely marketingu, nejd\u00e9le 5 let, jsou-li osobn\u00ed \u00fadaje zpracov\u00e1v\u00e1ny na z\u00e1klad\u011b souhlasu.<\/p>\n<\/li>\n<\/ul>\n<p class=\"font_8\">Po uplynut\u00ed doby uchov\u00e1v\u00e1n\u00ed osobn\u00edch \u00fadaj\u016f spr\u00e1vce osobn\u00ed \u00fadaje vyma\u017ee.<\/p>\n<\/div>\n<div id=\"comp-l2hpme59\" class=\"KcpHeO tz5f0K comp-l2hpme59 wixui-text\" data-testid=\"richTextElement\">\n<h3 class=\"font_2\">V. P\u0159\u00edjemci osobn\u00edch \u00fadaj\u016f (subdodavatel\u00e9 spr\u00e1vce)<\/h3>\n<\/div>\n<div id=\"comp-l2hpmme9\" class=\"KcpHeO tz5f0K comp-l2hpmme9 wixui-text\" data-testid=\"richTextElement\">\n<p class=\"font_8\">P\u0159\u00edjemci osobn\u00edch \u00fadaj\u016f jsou osoby pod\u00edlej\u00edc\u00ed se na dod\u00e1n\u00ed zbo\u017e\u00ed \/ slu\u017eeb \/ realizaci plateb na z\u00e1klad\u011b smlouvy, pod\u00edlej\u00edc\u00ed se na zaji\u0161t\u011bn\u00ed provozu slu\u017eeb, zaji\u0161\u0165uj\u00edc\u00ed marketingov\u00e9 slu\u017eby.<\/p>\n<p class=\"font_8\"><span class=\"wixGuard\">\u200b<\/span><\/p>\n<p class=\"font_8\">Spr\u00e1vce m\u00e1 v \u00famyslu p\u0159edat osobn\u00ed \u00fadaje do t\u0159et\u00ed zem\u011b (do zem\u011b mimo EU) nebo mezin\u00e1rodn\u00ed organizaci. P\u0159\u00edjemci osobn\u00edch \u00fadaj\u016f ve t\u0159et\u00edch zem\u00edch jsou poskytovatel\u00e9 mailingov\u00fdch slu\u017eeb \/ cloudov\u00fdch slu\u017eeb.<\/p>\n<\/div>\n<div id=\"comp-l2hpnftj\" class=\"KcpHeO tz5f0K comp-l2hpnftj wixui-text\" data-testid=\"richTextElement\">\n<h3 class=\"font_2\">VI. Va\u0161e pr\u00e1va<\/h3>\n<\/div>\n<div id=\"comp-l2hpnkw0\" class=\"KcpHeO tz5f0K comp-l2hpnkw0 wixui-text\" data-testid=\"richTextElement\">\n<p class=\"font_8\">Za podm\u00ednek stanoven\u00fdch v GDPR m\u00e1te<\/p>\n<ul class=\"font_8\">\n<li>\n<p class=\"font_8\">pr\u00e1vo na p\u0159\u00edstup ke sv\u00fdm osobn\u00edm \u00fadaj\u016fm dle \u010dl. 15 GDPR.<\/p>\n<\/li>\n<li>\n<p class=\"font_8\">pr\u00e1vo opravu osobn\u00edch \u00fadaj\u016f dle \u010dl. 16 GDPR, pop\u0159\u00edpad\u011b omezen\u00ed zpracov\u00e1n\u00ed dle \u010dl. 18 GDPR.<\/p>\n<\/li>\n<li>\n<p class=\"font_8\">pr\u00e1vo na v\u00fdmaz osobn\u00edch \u00fadaj\u016f dle \u010dl. 17 GDPR.<\/p>\n<\/li>\n<li>\n<p class=\"font_8\">pr\u00e1vo vzn\u00e9st n\u00e1mitku proti zpracov\u00e1n\u00ed dle \u010dl. 21 GDPR a<\/p>\n<\/li>\n<li>\n<p class=\"font_8\">pr\u00e1vo na p\u0159enositelnost \u00fadaj\u016f dle \u010dl. 20 GDPR.<\/p>\n<\/li>\n<li>\n<p class=\"font_8\">pr\u00e1vo odvolat souhlas se zpracov\u00e1n\u00edm p\u00edsemn\u011b nebo elektronicky na adresu nebo email spr\u00e1vce uveden\u00fd v \u010dl. III t\u011bchto podm\u00ednek.<\/p>\n<\/li>\n<\/ul>\n<p class=\"font_8\">D\u00e1le m\u00e1te pr\u00e1vo podat st\u00ed\u017enost u \u00da\u0159adu pro ochranu osobn\u00edch \u00fadaj\u016f v p\u0159\u00edpad\u011b, \u017ee se domn\u00edv\u00e1te, \u017ee bylo poru\u0161eno Va\u0161\u00ed pr\u00e1vo na ochranu osobn\u00edch \u00fadaj\u016f.<\/p>\n<\/div>\n<div id=\"comp-l2hpolr1\" class=\"KcpHeO tz5f0K comp-l2hpolr1 wixui-text\" data-testid=\"richTextElement\">\n<h3 class=\"font_2\">VII. Podm\u00ednky zabezpe\u010den\u00ed osobn\u00edch \u00fadaj\u016f<\/h3>\n<\/div>\n<div id=\"comp-l2hporlg\" class=\"KcpHeO tz5f0K comp-l2hporlg wixui-text\" data-testid=\"richTextElement\">\n<p class=\"font_8\">Spr\u00e1vce prohla\u0161uje, \u017ee p\u0159ijal ve\u0161ker\u00e1 vhodn\u00e1 technick\u00e1 a organiza\u010dn\u00ed opat\u0159en\u00ed k zabezpe\u010den\u00ed osobn\u00edch \u00fadaj\u016f.<\/p>\n<p class=\"font_8\">Spr\u00e1vce p\u0159ijal technick\u00e1 opat\u0159en\u00ed k zabezpe\u010den\u00ed datov\u00fdch \u00falo\u017ei\u0161\u0165 a \u00falo\u017ei\u0161\u0165 osobn\u00edch \u00fadaj\u016f v listinn\u00e9 podob\u011b, zejm\u00e9na pou\u017eit\u00edm antivirov\u00fdch program\u016f a bezpe\u010dn\u00e9ho ulo\u017een\u00ed z\u00e1loh.<\/p>\n<p class=\"font_8\">Spr\u00e1vce prohla\u0161uje, \u017ee k osobn\u00edm \u00fadaj\u016fm maj\u00ed p\u0159\u00edstup pouze j\u00edm pov\u011b\u0159en\u00e9 osoby.<\/p>\n<\/div>\n<div id=\"comp-l2hppdc6\" class=\"KcpHeO tz5f0K comp-l2hppdc6 wixui-text\" data-testid=\"richTextElement\">\n<h3 class=\"font_2\">VIII. Z\u00e1v\u011bre\u010dn\u00e1 ustanoven\u00ed<\/h3>\n<\/div>\n<div id=\"comp-l2hppix3\" class=\"KcpHeO tz5f0K comp-l2hppix3 wixui-text\" data-testid=\"richTextElement\">\n<p class=\"font_8\">Odesl\u00e1n\u00edm objedn\u00e1vky z internetov\u00e9ho objedn\u00e1vkov\u00e9ho formul\u00e1\u0159e potvrzujete, \u017ee jste sezn\u00e1men\/a s podm\u00ednkami ochrany osobn\u00edch \u00fadaj\u016f a \u017ee je v cel\u00e9m rozsahu p\u0159ij\u00edm\u00e1te.<\/p>\n<p class=\"font_8\"><span class=\"wixGuard\">\u200b<\/span><\/p>\n<p class=\"font_8\">S t\u011bmito podm\u00ednkami souhlas\u00edte za\u0161krtnut\u00edm souhlasu prost\u0159ednictv\u00edm internetov\u00e9ho formul\u00e1\u0159e. Za\u0161krtnut\u00edm souhlasu potvrzujete, \u017ee jste sezn\u00e1men\/a s podm\u00ednkami ochrany osobn\u00edch \u00fadaj\u016f a \u017ee je v cel\u00e9m rozsahu p\u0159ij\u00edm\u00e1te.<\/p>\n<p class=\"font_8\">Spr\u00e1vce je opr\u00e1vn\u011bn tyto podm\u00ednky zm\u011bnit. Novou verzi podm\u00ednek ochrany osobn\u00edch \u00fadaj\u016f zve\u0159ejn\u00ed na sv\u00fdch internetov\u00fdch str\u00e1nk\u00e1ch, p\u0159\u00edpadn\u011b V\u00e1m za\u0161le novou verzi t\u011bchto podm\u00ednek na e-mailovou adresu, kterou jste spr\u00e1vci poskytl\/a.<\/p>\n<p class=\"font_8\">Tyto podm\u00ednky nab\u00fdvaj\u00ed \u00fa\u010dinnosti dnem 27.4.2022<\/p>\n<\/div>\n","protected":false},"excerpt":{"rendered":"<p>I. Z\u00e1kladn\u00ed ustanoven\u00ed Spr\u00e1vcem osobn\u00edch \u00fadaj\u016f podle \u010dl. 4 bod 7 na\u0159\u00edzen\u00ed Evropsk\u00e9ho parlamentu a Rady (EU) 2016\/679 o ochran\u011b [&hellip;]<\/p>\n","protected":false},"author":3,"featured_media":0,"parent":0,"menu_order":0,"comment_status":"closed","ping_status":"closed","template":"","meta":{"inline_featured_image":false,"footnotes":""},"class_list":["post-12","page","type-page","status-publish","hentry"],"acf":[],"yoast_head":"<!-- This site is optimized with the Yoast SEO plugin v21.0 - https:\/\/yoast.com\/wordpress\/plugins\/seo\/ -->\n<title>Ochrana osobn\u00edch \u00fadaj\u016f - Projekt Purky\u0148ova<\/title>\n<meta name=\"robots\" content=\"index, follow, max-snippet:-1, max-image-preview:large, max-video-preview:-1\" \/>\n<link rel=\"canonical\" href=\"https:\/\/usti-pronajem.cz\/ochrana-osobnich-udaju\/\" \/>\n<meta property=\"og:locale\" content=\"cs_CZ\" \/>\n<meta property=\"og:type\" content=\"article\" \/>\n<meta property=\"og:title\" content=\"Ochrana osobn\u00edch \u00fadaj\u016f - Projekt Purky\u0148ova\" \/>\n<meta property=\"og:description\" content=\"I. Z\u00e1kladn\u00ed ustanoven\u00ed Spr\u00e1vcem osobn\u00edch \u00fadaj\u016f podle \u010dl. 4 bod 7 na\u0159\u00edzen\u00ed Evropsk\u00e9ho parlamentu a Rady (EU) 2016\/679 o ochran\u011b [&hellip;]\" \/>\n<meta property=\"og:url\" content=\"https:\/\/usti-pronajem.cz\/ochrana-osobnich-udaju\/\" \/>\n<meta property=\"og:site_name\" content=\"Projekt Purky\u0148ova\" \/>\n<meta property=\"article:modified_time\" content=\"2023-02-16T12:32:31+00:00\" \/>\n<meta name=\"twitter:card\" content=\"summary_large_image\" \/>\n<meta name=\"twitter:label1\" content=\"Odhadovan\u00e1 doba \u010dten\u00ed\" \/>\n\t<meta name=\"twitter:data1\" content=\"5 minut\" \/>\n<script type=\"application\/ld+json\" class=\"yoast-schema-graph\">{\"@context\":\"https:\/\/schema.org\",\"@graph\":[{\"@type\":\"WebPage\",\"@id\":\"https:\/\/usti-pronajem.cz\/ochrana-osobnich-udaju\/\",\"url\":\"https:\/\/usti-pronajem.cz\/ochrana-osobnich-udaju\/\",\"name\":\"Ochrana osobn\u00edch \u00fadaj\u016f - Projekt Purky\u0148ova\",\"isPartOf\":{\"@id\":\"https:\/\/usti-pronajem.cz\/#website\"},\"datePublished\":\"2023-01-20T12:57:58+00:00\",\"dateModified\":\"2023-02-16T12:32:31+00:00\",\"breadcrumb\":{\"@id\":\"https:\/\/usti-pronajem.cz\/ochrana-osobnich-udaju\/#breadcrumb\"},\"inLanguage\":\"cs\",\"potentialAction\":[{\"@type\":\"ReadAction\",\"target\":[\"https:\/\/usti-pronajem.cz\/ochrana-osobnich-udaju\/\"]}]},{\"@type\":\"BreadcrumbList\",\"@id\":\"https:\/\/usti-pronajem.cz\/ochrana-osobnich-udaju\/#breadcrumb\",\"itemListElement\":[{\"@type\":\"ListItem\",\"position\":1,\"name\":\"Dom\u016f\",\"item\":\"https:\/\/usti-pronajem.cz\/\"},{\"@type\":\"ListItem\",\"position\":2,\"name\":\"Ochrana osobn\u00edch \u00fadaj\u016f\"}]},{\"@type\":\"WebSite\",\"@id\":\"https:\/\/usti-pronajem.cz\/#website\",\"url\":\"https:\/\/usti-pronajem.cz\/\",\"name\":\"Projekt Purky\u0148ova\",\"description\":\"Developersk\u00fd projekt\",\"publisher\":{\"@id\":\"https:\/\/usti-pronajem.cz\/#organization\"},\"potentialAction\":[{\"@type\":\"SearchAction\",\"target\":{\"@type\":\"EntryPoint\",\"urlTemplate\":\"https:\/\/usti-pronajem.cz\/?s={search_term_string}\"},\"query-input\":\"required name=search_term_string\"}],\"inLanguage\":\"cs\"},{\"@type\":\"Organization\",\"@id\":\"https:\/\/usti-pronajem.cz\/#organization\",\"name\":\"Projekt Purky\u0148ova\",\"url\":\"https:\/\/usti-pronajem.cz\/\",\"logo\":{\"@type\":\"ImageObject\",\"inLanguage\":\"cs\",\"@id\":\"https:\/\/usti-pronajem.cz\/#\/schema\/logo\/image\/\",\"url\":\"https:\/\/usti-pronajem.cz\/wp-content\/uploads\/2023\/08\/logo.svg\",\"contentUrl\":\"https:\/\/usti-pronajem.cz\/wp-content\/uploads\/2023\/08\/logo.svg\",\"width\":227,\"height\":54,\"caption\":\"Projekt Purky\u0148ova\"},\"image\":{\"@id\":\"https:\/\/usti-pronajem.cz\/#\/schema\/logo\/image\/\"}}]}<\/script>\n<!-- \/ Yoast SEO plugin. -->","yoast_head_json":{"title":"Ochrana osobn\u00edch \u00fadaj\u016f - Projekt Purky\u0148ova","robots":{"index":"index","follow":"follow","max-snippet":"max-snippet:-1","max-image-preview":"max-image-preview:large","max-video-preview":"max-video-preview:-1"},"canonical":"https:\/\/usti-pronajem.cz\/ochrana-osobnich-udaju\/","og_locale":"cs_CZ","og_type":"article","og_title":"Ochrana osobn\u00edch \u00fadaj\u016f - Projekt Purky\u0148ova","og_description":"I. Z\u00e1kladn\u00ed ustanoven\u00ed Spr\u00e1vcem osobn\u00edch \u00fadaj\u016f podle \u010dl. 4 bod 7 na\u0159\u00edzen\u00ed Evropsk\u00e9ho parlamentu a Rady (EU) 2016\/679 o ochran\u011b [&hellip;]","og_url":"https:\/\/usti-pronajem.cz\/ochrana-osobnich-udaju\/","og_site_name":"Projekt Purky\u0148ova","article_modified_time":"2023-02-16T12:32:31+00:00","twitter_card":"summary_large_image","twitter_misc":{"Odhadovan\u00e1 doba \u010dten\u00ed":"5 minut"},"schema":{"@context":"https:\/\/schema.org","@graph":[{"@type":"WebPage","@id":"https:\/\/usti-pronajem.cz\/ochrana-osobnich-udaju\/","url":"https:\/\/usti-pronajem.cz\/ochrana-osobnich-udaju\/","name":"Ochrana osobn\u00edch \u00fadaj\u016f - Projekt Purky\u0148ova","isPartOf":{"@id":"https:\/\/usti-pronajem.cz\/#website"},"datePublished":"2023-01-20T12:57:58+00:00","dateModified":"2023-02-16T12:32:31+00:00","breadcrumb":{"@id":"https:\/\/usti-pronajem.cz\/ochrana-osobnich-udaju\/#breadcrumb"},"inLanguage":"cs","potentialAction":[{"@type":"ReadAction","target":["https:\/\/usti-pronajem.cz\/ochrana-osobnich-udaju\/"]}]},{"@type":"BreadcrumbList","@id":"https:\/\/usti-pronajem.cz\/ochrana-osobnich-udaju\/#breadcrumb","itemListElement":[{"@type":"ListItem","position":1,"name":"Dom\u016f","item":"https:\/\/usti-pronajem.cz\/"},{"@type":"ListItem","position":2,"name":"Ochrana osobn\u00edch \u00fadaj\u016f"}]},{"@type":"WebSite","@id":"https:\/\/usti-pronajem.cz\/#website","url":"https:\/\/usti-pronajem.cz\/","name":"Projekt Purky\u0148ova","description":"Developersk\u00fd projekt","publisher":{"@id":"https:\/\/usti-pronajem.cz\/#organization"},"potentialAction":[{"@type":"SearchAction","target":{"@type":"EntryPoint","urlTemplate":"https:\/\/usti-pronajem.cz\/?s={search_term_string}"},"query-input":"required name=search_term_string"}],"inLanguage":"cs"},{"@type":"Organization","@id":"https:\/\/usti-pronajem.cz\/#organization","name":"Projekt Purky\u0148ova","url":"https:\/\/usti-pronajem.cz\/","logo":{"@type":"ImageObject","inLanguage":"cs","@id":"https:\/\/usti-pronajem.cz\/#\/schema\/logo\/image\/","url":"https:\/\/usti-pronajem.cz\/wp-content\/uploads\/2023\/08\/logo.svg","contentUrl":"https:\/\/usti-pronajem.cz\/wp-content\/uploads\/2023\/08\/logo.svg","width":227,"height":54,"caption":"Projekt Purky\u0148ova"},"image":{"@id":"https:\/\/usti-pronajem.cz\/#\/schema\/logo\/image\/"}}]}},"_links":{"self":[{"href":"https:\/\/usti-pronajem.cz\/wp-json\/wp\/v2\/pages\/12","targetHints":{"allow":["GET"]}}],"collection":[{"href":"https:\/\/usti-pronajem.cz\/wp-json\/wp\/v2\/pages"}],"about":[{"href":"https:\/\/usti-pronajem.cz\/wp-json\/wp\/v2\/types\/page"}],"author":[{"embeddable":true,"href":"https:\/\/usti-pronajem.cz\/wp-json\/wp\/v2\/users\/3"}],"replies":[{"embeddable":true,"href":"https:\/\/usti-pronajem.cz\/wp-json\/wp\/v2\/comments?post=12"}],"version-history":[{"count":6,"href":"https:\/\/usti-pronajem.cz\/wp-json\/wp\/v2\/pages\/12\/revisions"}],"predecessor-version":[{"id":348,"href":"https:\/\/usti-pronajem.cz\/wp-json\/wp\/v2\/pages\/12\/revisions\/348"}],"wp:attachment":[{"href":"https:\/\/usti-pronajem.cz\/wp-json\/wp\/v2\/media?parent=12"}],"curies":[{"name":"wp","href":"https:\/\/api.w.org\/{rel}","templated":true}]}}