{"id":18,"date":"2023-01-20T13:08:47","date_gmt":"2023-01-20T13:08:47","guid":{"rendered":"http:\/\/usti-pronajem.cz\/?page_id=18"},"modified":"2023-09-04T09:51:33","modified_gmt":"2023-09-04T09:51:33","slug":"kontakt","status":"publish","type":"page","link":"https:\/\/usti-pronajem.cz\/?page_id=18","title":{"rendered":"Kontakt"},"content":{"rendered":"<h2>Napi\u0161te n\u00e1m<\/h2>\n<p>Hled\u00e1te n\u00e1jemn\u00ed bydlen\u00ed v \u00dast\u00ed v cihlov\u00e9m dom\u011b?<br \/>\n<strong>Ozv\u011bte se n\u00e1m!<\/strong><\/p>\n","protected":false},"excerpt":{"rendered":"<p>Napi\u0161te n\u00e1m Hled\u00e1te n\u00e1jemn\u00ed bydlen\u00ed v \u00dast\u00ed v cihlov\u00e9m dom\u011b? Ozv\u011bte se n\u00e1m!<\/p>\n","protected":false},"author":2,"featured_media":0,"parent":0,"menu_order":0,"comment_status":"closed","ping_status":"closed","template":"templates\/contact.php","meta":{"inline_featured_image":false,"footnotes":""},"class_list":["post-18","page","type-page","status-publish","hentry"],"acf":[],"yoast_head":"<!-- This site is optimized with the Yoast SEO plugin v21.0 - https:\/\/yoast.com\/wordpress\/plugins\/seo\/ -->\n<title>Hled\u00e1te n\u00e1jemn\u00ed bydlen\u00ed v \u00dast\u00ed - Porad\u00edme v\u00e1m | Projekt Purky\u0148ova<\/title>\n<meta name=\"description\" content=\"N\u00e1jemn\u00ed bydlen\u00ed v cihlov\u00e9m dom\u011b. 40 bytov\u00fdch jednotek ve 4 podla\u017e\u00edch od 33 m2 a\u017e po 87 m2. Kontakt +420 778 528 822 monika.vicenikova@zapk.cz\" \/>\n<meta name=\"robots\" content=\"index, follow, max-snippet:-1, max-image-preview:large, max-video-preview:-1\" \/>\n<link rel=\"canonical\" href=\"https:\/\/usti-pronajem.cz\/?page_id=18\" \/>\n<meta property=\"og:locale\" content=\"cs_CZ\" \/>\n<meta property=\"og:type\" content=\"article\" \/>\n<meta property=\"og:title\" content=\"Hled\u00e1te n\u00e1jemn\u00ed bydlen\u00ed v \u00dast\u00ed - Porad\u00edme v\u00e1m | Projekt Purky\u0148ova\" \/>\n<meta property=\"og:description\" content=\"N\u00e1jemn\u00ed bydlen\u00ed v cihlov\u00e9m dom\u011b. 40 bytov\u00fdch jednotek ve 4 podla\u017e\u00edch od 33 m2 a\u017e po 87 m2. Kontakt +420 778 528 822 monika.vicenikova@zapk.cz\" \/>\n<meta property=\"og:url\" content=\"https:\/\/usti-pronajem.cz\/?page_id=18\" \/>\n<meta property=\"og:site_name\" content=\"Projekt Purky\u0148ova\" \/>\n<meta property=\"article:modified_time\" content=\"2023-09-04T09:51:33+00:00\" \/>\n<meta property=\"og:image\" content=\"https:\/\/usti-pronajem.cz\/wp-content\/uploads\/2023\/02\/Purkynova_projekt_1920x1280_02-copy.jpg\" \/>\n\t<meta property=\"og:image:width\" content=\"1920\" \/>\n\t<meta property=\"og:image:height\" content=\"1281\" \/>\n\t<meta property=\"og:image:type\" content=\"image\/jpeg\" \/>\n<meta name=\"twitter:card\" content=\"summary_large_image\" \/>\n<meta name=\"twitter:title\" content=\"Hled\u00e1te n\u00e1jemn\u00ed bydlen\u00ed v \u00dast\u00ed - Porad\u00edme v\u00e1m | Projekt Purky\u0148ova\" \/>\n<meta name=\"twitter:description\" content=\"N\u00e1jemn\u00ed bydlen\u00ed v cihlov\u00e9m dom\u011b. 40 bytov\u00fdch jednotek ve 4 podla\u017e\u00edch od 33 m2 a\u017e po 87 m2. Kontakt +420 778 528 822 monika.vicenikova@zapk.cz\" \/>\n<meta name=\"twitter:image\" content=\"https:\/\/usti-pronajem.cz\/wp-content\/uploads\/2023\/08\/Firefly-Inpaint-20230814171125.png\" \/>\n<meta name=\"twitter:label1\" content=\"Odhadovan\u00e1 doba \u010dten\u00ed\" \/>\n\t<meta name=\"twitter:data1\" content=\"1 minuta\" \/>\n<script type=\"application\/ld+json\" class=\"yoast-schema-graph\">{\"@context\":\"https:\/\/schema.org\",\"@graph\":[{\"@type\":\"WebPage\",\"@id\":\"https:\/\/usti-pronajem.cz\/?page_id=18\",\"url\":\"https:\/\/usti-pronajem.cz\/?page_id=18\",\"name\":\"Hled\u00e1te n\u00e1jemn\u00ed bydlen\u00ed v \u00dast\u00ed - Porad\u00edme v\u00e1m | Projekt Purky\u0148ova\",\"isPartOf\":{\"@id\":\"https:\/\/usti-pronajem.cz\/#website\"},\"datePublished\":\"2023-01-20T13:08:47+00:00\",\"dateModified\":\"2023-09-04T09:51:33+00:00\",\"description\":\"N\u00e1jemn\u00ed bydlen\u00ed v cihlov\u00e9m dom\u011b. 40 bytov\u00fdch jednotek ve 4 podla\u017e\u00edch od 33 m2 a\u017e po 87 m2. Kontakt +420 778 528 822 monika.vicenikova@zapk.cz\",\"breadcrumb\":{\"@id\":\"https:\/\/usti-pronajem.cz\/?page_id=18#breadcrumb\"},\"inLanguage\":\"cs\",\"potentialAction\":[{\"@type\":\"ReadAction\",\"target\":[\"https:\/\/usti-pronajem.cz\/?page_id=18\"]}]},{\"@type\":\"BreadcrumbList\",\"@id\":\"https:\/\/usti-pronajem.cz\/?page_id=18#breadcrumb\",\"itemListElement\":[{\"@type\":\"ListItem\",\"position\":1,\"name\":\"Dom\u016f\",\"item\":\"https:\/\/usti-pronajem.cz\/\"},{\"@type\":\"ListItem\",\"position\":2,\"name\":\"Kontakt\"}]},{\"@type\":\"WebSite\",\"@id\":\"https:\/\/usti-pronajem.cz\/#website\",\"url\":\"https:\/\/usti-pronajem.cz\/\",\"name\":\"Projekt Purky\u0148ova\",\"description\":\"Developersk\u00fd projekt\",\"publisher\":{\"@id\":\"https:\/\/usti-pronajem.cz\/#organization\"},\"potentialAction\":[{\"@type\":\"SearchAction\",\"target\":{\"@type\":\"EntryPoint\",\"urlTemplate\":\"https:\/\/usti-pronajem.cz\/?s={search_term_string}\"},\"query-input\":\"required name=search_term_string\"}],\"inLanguage\":\"cs\"},{\"@type\":\"Organization\",\"@id\":\"https:\/\/usti-pronajem.cz\/#organization\",\"name\":\"Projekt Purky\u0148ova\",\"url\":\"https:\/\/usti-pronajem.cz\/\",\"logo\":{\"@type\":\"ImageObject\",\"inLanguage\":\"cs\",\"@id\":\"https:\/\/usti-pronajem.cz\/#\/schema\/logo\/image\/\",\"url\":\"https:\/\/usti-pronajem.cz\/wp-content\/uploads\/2023\/08\/logo.svg\",\"contentUrl\":\"https:\/\/usti-pronajem.cz\/wp-content\/uploads\/2023\/08\/logo.svg\",\"width\":227,\"height\":54,\"caption\":\"Projekt Purky\u0148ova\"},\"image\":{\"@id\":\"https:\/\/usti-pronajem.cz\/#\/schema\/logo\/image\/\"}}]}<\/script>\n<!-- \/ Yoast SEO plugin. -->","yoast_head_json":{"title":"Hled\u00e1te n\u00e1jemn\u00ed bydlen\u00ed v \u00dast\u00ed - Porad\u00edme v\u00e1m | Projekt Purky\u0148ova","description":"N\u00e1jemn\u00ed bydlen\u00ed v cihlov\u00e9m dom\u011b. 40 bytov\u00fdch jednotek ve 4 podla\u017e\u00edch od 33 m2 a\u017e po 87 m2. Kontakt +420 778 528 822 monika.vicenikova@zapk.cz","robots":{"index":"index","follow":"follow","max-snippet":"max-snippet:-1","max-image-preview":"max-image-preview:large","max-video-preview":"max-video-preview:-1"},"canonical":"https:\/\/usti-pronajem.cz\/?page_id=18","og_locale":"cs_CZ","og_type":"article","og_title":"Hled\u00e1te n\u00e1jemn\u00ed bydlen\u00ed v \u00dast\u00ed - Porad\u00edme v\u00e1m | Projekt Purky\u0148ova","og_description":"N\u00e1jemn\u00ed bydlen\u00ed v cihlov\u00e9m dom\u011b. 40 bytov\u00fdch jednotek ve 4 podla\u017e\u00edch od 33 m2 a\u017e po 87 m2. Kontakt +420 778 528 822 monika.vicenikova@zapk.cz","og_url":"https:\/\/usti-pronajem.cz\/?page_id=18","og_site_name":"Projekt Purky\u0148ova","article_modified_time":"2023-09-04T09:51:33+00:00","og_image":[{"width":1920,"height":1281,"url":"https:\/\/usti-pronajem.cz\/wp-content\/uploads\/2023\/02\/Purkynova_projekt_1920x1280_02-copy.jpg","type":"image\/jpeg"}],"twitter_card":"summary_large_image","twitter_title":"Hled\u00e1te n\u00e1jemn\u00ed bydlen\u00ed v \u00dast\u00ed - Porad\u00edme v\u00e1m | Projekt Purky\u0148ova","twitter_description":"N\u00e1jemn\u00ed bydlen\u00ed v cihlov\u00e9m dom\u011b. 40 bytov\u00fdch jednotek ve 4 podla\u017e\u00edch od 33 m2 a\u017e po 87 m2. Kontakt +420 778 528 822 monika.vicenikova@zapk.cz","twitter_image":"https:\/\/usti-pronajem.cz\/wp-content\/uploads\/2023\/08\/Firefly-Inpaint-20230814171125.png","twitter_misc":{"Odhadovan\u00e1 doba \u010dten\u00ed":"1 minuta"},"schema":{"@context":"https:\/\/schema.org","@graph":[{"@type":"WebPage","@id":"https:\/\/usti-pronajem.cz\/?page_id=18","url":"https:\/\/usti-pronajem.cz\/?page_id=18","name":"Hled\u00e1te n\u00e1jemn\u00ed bydlen\u00ed v \u00dast\u00ed - Porad\u00edme v\u00e1m | Projekt Purky\u0148ova","isPartOf":{"@id":"https:\/\/usti-pronajem.cz\/#website"},"datePublished":"2023-01-20T13:08:47+00:00","dateModified":"2023-09-04T09:51:33+00:00","description":"N\u00e1jemn\u00ed bydlen\u00ed v cihlov\u00e9m dom\u011b. 40 bytov\u00fdch jednotek ve 4 podla\u017e\u00edch od 33 m2 a\u017e po 87 m2. Kontakt +420 778 528 822 monika.vicenikova@zapk.cz","breadcrumb":{"@id":"https:\/\/usti-pronajem.cz\/?page_id=18#breadcrumb"},"inLanguage":"cs","potentialAction":[{"@type":"ReadAction","target":["https:\/\/usti-pronajem.cz\/?page_id=18"]}]},{"@type":"BreadcrumbList","@id":"https:\/\/usti-pronajem.cz\/?page_id=18#breadcrumb","itemListElement":[{"@type":"ListItem","position":1,"name":"Dom\u016f","item":"https:\/\/usti-pronajem.cz\/"},{"@type":"ListItem","position":2,"name":"Kontakt"}]},{"@type":"WebSite","@id":"https:\/\/usti-pronajem.cz\/#website","url":"https:\/\/usti-pronajem.cz\/","name":"Projekt Purky\u0148ova","description":"Developersk\u00fd projekt","publisher":{"@id":"https:\/\/usti-pronajem.cz\/#organization"},"potentialAction":[{"@type":"SearchAction","target":{"@type":"EntryPoint","urlTemplate":"https:\/\/usti-pronajem.cz\/?s={search_term_string}"},"query-input":"required name=search_term_string"}],"inLanguage":"cs"},{"@type":"Organization","@id":"https:\/\/usti-pronajem.cz\/#organization","name":"Projekt Purky\u0148ova","url":"https:\/\/usti-pronajem.cz\/","logo":{"@type":"ImageObject","inLanguage":"cs","@id":"https:\/\/usti-pronajem.cz\/#\/schema\/logo\/image\/","url":"https:\/\/usti-pronajem.cz\/wp-content\/uploads\/2023\/08\/logo.svg","contentUrl":"https:\/\/usti-pronajem.cz\/wp-content\/uploads\/2023\/08\/logo.svg","width":227,"height":54,"caption":"Projekt Purky\u0148ova"},"image":{"@id":"https:\/\/usti-pronajem.cz\/#\/schema\/logo\/image\/"}}]}},"_links":{"self":[{"href":"https:\/\/usti-pronajem.cz\/index.php?rest_route=\/wp\/v2\/pages\/18","targetHints":{"allow":["GET"]}}],"collection":[{"href":"https:\/\/usti-pronajem.cz\/index.php?rest_route=\/wp\/v2\/pages"}],"about":[{"href":"https:\/\/usti-pronajem.cz\/index.php?rest_route=\/wp\/v2\/types\/page"}],"author":[{"embeddable":true,"href":"https:\/\/usti-pronajem.cz\/index.php?rest_route=\/wp\/v2\/users\/2"}],"replies":[{"embeddable":true,"href":"https:\/\/usti-pronajem.cz\/index.php?rest_route=%2Fwp%2Fv2%2Fcomments&post=18"}],"version-history":[{"count":7,"href":"https:\/\/usti-pronajem.cz\/index.php?rest_route=\/wp\/v2\/pages\/18\/revisions"}],"predecessor-version":[{"id":904,"href":"https:\/\/usti-pronajem.cz\/index.php?rest_route=\/wp\/v2\/pages\/18\/revisions\/904"}],"wp:attachment":[{"href":"https:\/\/usti-pronajem.cz\/index.php?rest_route=%2Fwp%2Fv2%2Fmedia&parent=18"}],"curies":[{"name":"wp","href":"https:\/\/api.w.org\/{rel}","templated":true}]}}