{"id":68,"date":"2023-01-20T11:33:21","date_gmt":"2023-01-20T11:33:21","guid":{"rendered":"http:\/\/usti-pronajem.cz\/?page_id=68"},"modified":"2024-04-23T14:14:55","modified_gmt":"2024-04-23T14:14:55","slug":"jak-to-probiha","status":"publish","type":"page","link":"https:\/\/usti-pronajem.cz\/?page_id=68","title":{"rendered":"Jak to prob\u00edh\u00e1"},"content":{"rendered":"","protected":false},"excerpt":{"rendered":"","protected":false},"author":2,"featured_media":0,"parent":0,"menu_order":0,"comment_status":"closed","ping_status":"closed","template":"templates\/investment-program.php","meta":{"inline_featured_image":false,"footnotes":""},"class_list":["post-68","page","type-page","status-publish","hentry"],"acf":[],"yoast_head":"<!-- This site is optimized with the Yoast SEO plugin v21.0 - https:\/\/yoast.com\/wordpress\/plugins\/seo\/ -->\n<title>Byty na pron\u00e1jem v \u00dast\u00ed nad Labem - Jak to prob\u00edh\u00e1 | Purky\u0148ova<\/title>\n<meta name=\"description\" content=\"N\u00e1jemn\u00ed smlouvy na jeden rok s mo\u017enost\u00ed prodlou\u017een\u00ed. Mo\u017enost trval\u00e9ho bydli\u0161t\u011b. Zrekonstruovan\u00fd cihlov\u00fd d\u016fm. Byty 1+1 a\u017e 2+kk\" \/>\n<meta name=\"robots\" content=\"index, follow, max-snippet:-1, max-image-preview:large, max-video-preview:-1\" \/>\n<link rel=\"canonical\" href=\"https:\/\/usti-pronajem.cz\/?page_id=68\" \/>\n<meta property=\"og:locale\" content=\"cs_CZ\" \/>\n<meta property=\"og:type\" content=\"article\" \/>\n<meta property=\"og:title\" content=\"Byty na pron\u00e1jem v \u00dast\u00ed nad Labem - Jak to prob\u00edh\u00e1 | Purky\u0148ova\" \/>\n<meta property=\"og:description\" content=\"N\u00e1jemn\u00ed smlouvy na jeden rok s mo\u017enost\u00ed prodlou\u017een\u00ed. Mo\u017enost trval\u00e9ho bydli\u0161t\u011b. Zrekonstruovan\u00fd cihlov\u00fd d\u016fm. Byty 1+1 a\u017e 2+kk\" \/>\n<meta property=\"og:url\" content=\"https:\/\/usti-pronajem.cz\/?page_id=68\" \/>\n<meta property=\"og:site_name\" content=\"Projekt Purky\u0148ova\" \/>\n<meta property=\"article:modified_time\" content=\"2024-04-23T14:14:55+00:00\" \/>\n<meta property=\"og:image\" content=\"https:\/\/usti-pronajem.cz\/wp-content\/uploads\/2023\/08\/usti-18-scaled.jpg\" \/>\n\t<meta property=\"og:image:width\" content=\"2560\" \/>\n\t<meta property=\"og:image:height\" content=\"1920\" \/>\n\t<meta property=\"og:image:type\" content=\"image\/jpeg\" \/>\n<meta name=\"twitter:card\" content=\"summary_large_image\" \/>\n<meta name=\"twitter:title\" content=\"Byty na pron\u00e1jem v \u00dast\u00ed nad Labem - Jak to prob\u00edh\u00e1 | Purky\u0148ova\" \/>\n<meta name=\"twitter:description\" content=\"N\u00e1jemn\u00ed smlouvy na jeden rok s mo\u017enost\u00ed prodlou\u017een\u00ed. Mo\u017enost trval\u00e9ho bydli\u0161t\u011b. Zrekonstruovan\u00fd cihlov\u00fd d\u016fm. Byty 1+1 a\u017e 2+kk\" \/>\n<meta name=\"twitter:image\" content=\"https:\/\/usti-pronajem.cz\/wp-content\/uploads\/2023\/08\/usti-18-scaled.jpg\" \/>\n<script type=\"application\/ld+json\" class=\"yoast-schema-graph\">{\"@context\":\"https:\/\/schema.org\",\"@graph\":[{\"@type\":\"WebPage\",\"@id\":\"https:\/\/usti-pronajem.cz\/?page_id=68\",\"url\":\"https:\/\/usti-pronajem.cz\/?page_id=68\",\"name\":\"Byty na pron\u00e1jem v \u00dast\u00ed nad Labem - Jak to prob\u00edh\u00e1 | Purky\u0148ova\",\"isPartOf\":{\"@id\":\"https:\/\/usti-pronajem.cz\/#website\"},\"datePublished\":\"2023-01-20T11:33:21+00:00\",\"dateModified\":\"2024-04-23T14:14:55+00:00\",\"description\":\"N\u00e1jemn\u00ed smlouvy na jeden rok s mo\u017enost\u00ed prodlou\u017een\u00ed. Mo\u017enost trval\u00e9ho bydli\u0161t\u011b. Zrekonstruovan\u00fd cihlov\u00fd d\u016fm. Byty 1+1 a\u017e 2+kk\",\"breadcrumb\":{\"@id\":\"https:\/\/usti-pronajem.cz\/?page_id=68#breadcrumb\"},\"inLanguage\":\"cs\",\"potentialAction\":[{\"@type\":\"ReadAction\",\"target\":[\"https:\/\/usti-pronajem.cz\/?page_id=68\"]}]},{\"@type\":\"BreadcrumbList\",\"@id\":\"https:\/\/usti-pronajem.cz\/?page_id=68#breadcrumb\",\"itemListElement\":[{\"@type\":\"ListItem\",\"position\":1,\"name\":\"Dom\u016f\",\"item\":\"https:\/\/usti-pronajem.cz\/\"},{\"@type\":\"ListItem\",\"position\":2,\"name\":\"Jak to prob\u00edh\u00e1\"}]},{\"@type\":\"WebSite\",\"@id\":\"https:\/\/usti-pronajem.cz\/#website\",\"url\":\"https:\/\/usti-pronajem.cz\/\",\"name\":\"Projekt Purky\u0148ova\",\"description\":\"Developersk\u00fd projekt\",\"publisher\":{\"@id\":\"https:\/\/usti-pronajem.cz\/#organization\"},\"potentialAction\":[{\"@type\":\"SearchAction\",\"target\":{\"@type\":\"EntryPoint\",\"urlTemplate\":\"https:\/\/usti-pronajem.cz\/?s={search_term_string}\"},\"query-input\":\"required name=search_term_string\"}],\"inLanguage\":\"cs\"},{\"@type\":\"Organization\",\"@id\":\"https:\/\/usti-pronajem.cz\/#organization\",\"name\":\"Projekt Purky\u0148ova\",\"url\":\"https:\/\/usti-pronajem.cz\/\",\"logo\":{\"@type\":\"ImageObject\",\"inLanguage\":\"cs\",\"@id\":\"https:\/\/usti-pronajem.cz\/#\/schema\/logo\/image\/\",\"url\":\"https:\/\/usti-pronajem.cz\/wp-content\/uploads\/2023\/08\/logo.svg\",\"contentUrl\":\"https:\/\/usti-pronajem.cz\/wp-content\/uploads\/2023\/08\/logo.svg\",\"width\":227,\"height\":54,\"caption\":\"Projekt Purky\u0148ova\"},\"image\":{\"@id\":\"https:\/\/usti-pronajem.cz\/#\/schema\/logo\/image\/\"}}]}<\/script>\n<!-- \/ Yoast SEO plugin. -->","yoast_head_json":{"title":"Byty na pron\u00e1jem v \u00dast\u00ed nad Labem - Jak to prob\u00edh\u00e1 | Purky\u0148ova","description":"N\u00e1jemn\u00ed smlouvy na jeden rok s mo\u017enost\u00ed prodlou\u017een\u00ed. Mo\u017enost trval\u00e9ho bydli\u0161t\u011b. Zrekonstruovan\u00fd cihlov\u00fd d\u016fm. Byty 1+1 a\u017e 2+kk","robots":{"index":"index","follow":"follow","max-snippet":"max-snippet:-1","max-image-preview":"max-image-preview:large","max-video-preview":"max-video-preview:-1"},"canonical":"https:\/\/usti-pronajem.cz\/?page_id=68","og_locale":"cs_CZ","og_type":"article","og_title":"Byty na pron\u00e1jem v \u00dast\u00ed nad Labem - Jak to prob\u00edh\u00e1 | Purky\u0148ova","og_description":"N\u00e1jemn\u00ed smlouvy na jeden rok s mo\u017enost\u00ed prodlou\u017een\u00ed. Mo\u017enost trval\u00e9ho bydli\u0161t\u011b. Zrekonstruovan\u00fd cihlov\u00fd d\u016fm. Byty 1+1 a\u017e 2+kk","og_url":"https:\/\/usti-pronajem.cz\/?page_id=68","og_site_name":"Projekt Purky\u0148ova","article_modified_time":"2024-04-23T14:14:55+00:00","og_image":[{"width":2560,"height":1920,"url":"https:\/\/usti-pronajem.cz\/wp-content\/uploads\/2023\/08\/usti-18-scaled.jpg","type":"image\/jpeg"}],"twitter_card":"summary_large_image","twitter_title":"Byty na pron\u00e1jem v \u00dast\u00ed nad Labem - Jak to prob\u00edh\u00e1 | Purky\u0148ova","twitter_description":"N\u00e1jemn\u00ed smlouvy na jeden rok s mo\u017enost\u00ed prodlou\u017een\u00ed. Mo\u017enost trval\u00e9ho bydli\u0161t\u011b. Zrekonstruovan\u00fd cihlov\u00fd d\u016fm. Byty 1+1 a\u017e 2+kk","twitter_image":"https:\/\/usti-pronajem.cz\/wp-content\/uploads\/2023\/08\/usti-18-scaled.jpg","schema":{"@context":"https:\/\/schema.org","@graph":[{"@type":"WebPage","@id":"https:\/\/usti-pronajem.cz\/?page_id=68","url":"https:\/\/usti-pronajem.cz\/?page_id=68","name":"Byty na pron\u00e1jem v \u00dast\u00ed nad Labem - Jak to prob\u00edh\u00e1 | Purky\u0148ova","isPartOf":{"@id":"https:\/\/usti-pronajem.cz\/#website"},"datePublished":"2023-01-20T11:33:21+00:00","dateModified":"2024-04-23T14:14:55+00:00","description":"N\u00e1jemn\u00ed smlouvy na jeden rok s mo\u017enost\u00ed prodlou\u017een\u00ed. Mo\u017enost trval\u00e9ho bydli\u0161t\u011b. Zrekonstruovan\u00fd cihlov\u00fd d\u016fm. Byty 1+1 a\u017e 2+kk","breadcrumb":{"@id":"https:\/\/usti-pronajem.cz\/?page_id=68#breadcrumb"},"inLanguage":"cs","potentialAction":[{"@type":"ReadAction","target":["https:\/\/usti-pronajem.cz\/?page_id=68"]}]},{"@type":"BreadcrumbList","@id":"https:\/\/usti-pronajem.cz\/?page_id=68#breadcrumb","itemListElement":[{"@type":"ListItem","position":1,"name":"Dom\u016f","item":"https:\/\/usti-pronajem.cz\/"},{"@type":"ListItem","position":2,"name":"Jak to prob\u00edh\u00e1"}]},{"@type":"WebSite","@id":"https:\/\/usti-pronajem.cz\/#website","url":"https:\/\/usti-pronajem.cz\/","name":"Projekt Purky\u0148ova","description":"Developersk\u00fd projekt","publisher":{"@id":"https:\/\/usti-pronajem.cz\/#organization"},"potentialAction":[{"@type":"SearchAction","target":{"@type":"EntryPoint","urlTemplate":"https:\/\/usti-pronajem.cz\/?s={search_term_string}"},"query-input":"required name=search_term_string"}],"inLanguage":"cs"},{"@type":"Organization","@id":"https:\/\/usti-pronajem.cz\/#organization","name":"Projekt Purky\u0148ova","url":"https:\/\/usti-pronajem.cz\/","logo":{"@type":"ImageObject","inLanguage":"cs","@id":"https:\/\/usti-pronajem.cz\/#\/schema\/logo\/image\/","url":"https:\/\/usti-pronajem.cz\/wp-content\/uploads\/2023\/08\/logo.svg","contentUrl":"https:\/\/usti-pronajem.cz\/wp-content\/uploads\/2023\/08\/logo.svg","width":227,"height":54,"caption":"Projekt Purky\u0148ova"},"image":{"@id":"https:\/\/usti-pronajem.cz\/#\/schema\/logo\/image\/"}}]}},"_links":{"self":[{"href":"https:\/\/usti-pronajem.cz\/index.php?rest_route=\/wp\/v2\/pages\/68","targetHints":{"allow":["GET"]}}],"collection":[{"href":"https:\/\/usti-pronajem.cz\/index.php?rest_route=\/wp\/v2\/pages"}],"about":[{"href":"https:\/\/usti-pronajem.cz\/index.php?rest_route=\/wp\/v2\/types\/page"}],"author":[{"embeddable":true,"href":"https:\/\/usti-pronajem.cz\/index.php?rest_route=\/wp\/v2\/users\/2"}],"replies":[{"embeddable":true,"href":"https:\/\/usti-pronajem.cz\/index.php?rest_route=%2Fwp%2Fv2%2Fcomments&post=68"}],"version-history":[{"count":48,"href":"https:\/\/usti-pronajem.cz\/index.php?rest_route=\/wp\/v2\/pages\/68\/revisions"}],"predecessor-version":[{"id":1096,"href":"https:\/\/usti-pronajem.cz\/index.php?rest_route=\/wp\/v2\/pages\/68\/revisions\/1096"}],"wp:attachment":[{"href":"https:\/\/usti-pronajem.cz\/index.php?rest_route=%2Fwp%2Fv2%2Fmedia&parent=68"}],"curies":[{"name":"wp","href":"https:\/\/api.w.org\/{rel}","templated":true}]}}