{"id":70,"date":"2023-01-20T11:39:39","date_gmt":"2023-01-20T11:39:39","guid":{"rendered":"http:\/\/usti-pronajem.cz\/?page_id=70"},"modified":"2025-05-20T06:19:43","modified_gmt":"2025-05-20T06:19:43","slug":"nabidka-bytu","status":"publish","type":"page","link":"https:\/\/usti-pronajem.cz\/?page_id=70","title":{"rendered":"Nab\u00eddka byt\u016f"},"content":{"rendered":"<h2>V na\u0161\u00ed nab\u00eddce naleznete 62 bytov\u00fdch jednotek ve 4 podla\u017e\u00edch<\/h2>\n","protected":false},"excerpt":{"rendered":"<p>V na\u0161\u00ed nab\u00eddce naleznete 62 bytov\u00fdch jednotek ve 4 podla\u017e\u00edch<\/p>\n","protected":false},"author":2,"featured_media":0,"parent":0,"menu_order":0,"comment_status":"closed","ping_status":"closed","template":"templates\/flat-offer.php","meta":{"inline_featured_image":false,"footnotes":""},"class_list":["post-70","page","type-page","status-publish","hentry"],"acf":[],"yoast_head":"<!-- This site is optimized with the Yoast SEO plugin v21.0 - https:\/\/yoast.com\/wordpress\/plugins\/seo\/ -->\n<title>Byty na pron\u00e1jem 62 byt\u016f 4 podla\u017e\u00ed \u00dast\u00ed nad Labem | Purky\u0148ova<\/title>\n<meta name=\"description\" content=\"Byty na pron\u00e1jem v \u00dast\u00ed nad Labem v nov\u00e9m projektu Purky\u0148ova. Pron\u00e1jem ihned ji\u017e od 9 500 K\u010d m\u011bs\u00ed\u010dn\u011b. Nov\u011b zrekonstruovan\u00e9 byty.\" \/>\n<meta name=\"robots\" content=\"index, follow, max-snippet:-1, max-image-preview:large, max-video-preview:-1\" \/>\n<link rel=\"canonical\" href=\"https:\/\/usti-pronajem.cz\/?page_id=70\" \/>\n<meta property=\"og:locale\" content=\"cs_CZ\" \/>\n<meta property=\"og:type\" content=\"article\" \/>\n<meta property=\"og:title\" content=\"Byty na pron\u00e1jem 40 byt\u016f 4 podla\u017e\u00ed \u00dast\u00ed nad Labem | Purky\u0148ova\" \/>\n<meta property=\"og:description\" content=\"Pron\u00e1jem zrekonstruovan\u00fdch byt\u016f v \u00dast\u00ed nad Labem. Nov\u00fd projekt v \u00dast\u00ed nad Labem, ul. Purky\u0148ova 1093\/7 za dostupn\u00e9 ceny.\" \/>\n<meta property=\"og:url\" content=\"https:\/\/usti-pronajem.cz\/?page_id=70\" \/>\n<meta property=\"og:site_name\" content=\"Projekt Purky\u0148ova\" \/>\n<meta property=\"article:modified_time\" content=\"2025-05-20T06:19:43+00:00\" \/>\n<meta property=\"og:image\" content=\"https:\/\/usti-pronajem.cz\/wp-content\/uploads\/2023\/02\/D8E_4342.jpg\" \/>\n\t<meta property=\"og:image:width\" content=\"1920\" \/>\n\t<meta property=\"og:image:height\" content=\"1280\" \/>\n\t<meta property=\"og:image:type\" content=\"image\/jpeg\" \/>\n<meta name=\"twitter:card\" content=\"summary_large_image\" \/>\n<meta name=\"twitter:title\" content=\"Byty na pron\u00e1jem \u00dast\u00ed nad Labem | Projekt Purky\u0148ova\" \/>\n<meta name=\"twitter:description\" content=\"Pron\u00e1jem zrekonstruovan\u00fdch byt\u016f v \u00dast\u00ed nad Labem. Nov\u00fd projekt v \u00dast\u00ed nad Labem, ul. Purky\u0148ova 1093\/7 za dostupn\u00e9 ceny.\" \/>\n<meta name=\"twitter:image\" content=\"https:\/\/usti-pronajem.cz\/wp-content\/uploads\/2023\/02\/D8E_4342.jpg\" \/>\n<meta name=\"twitter:label1\" content=\"Odhadovan\u00e1 doba \u010dten\u00ed\" \/>\n\t<meta name=\"twitter:data1\" content=\"1 minuta\" \/>\n<script type=\"application\/ld+json\" class=\"yoast-schema-graph\">{\"@context\":\"https:\/\/schema.org\",\"@graph\":[{\"@type\":\"WebPage\",\"@id\":\"https:\/\/usti-pronajem.cz\/?page_id=70\",\"url\":\"https:\/\/usti-pronajem.cz\/?page_id=70\",\"name\":\"Byty na pron\u00e1jem 62 byt\u016f 4 podla\u017e\u00ed \u00dast\u00ed nad Labem | Purky\u0148ova\",\"isPartOf\":{\"@id\":\"https:\/\/usti-pronajem.cz\/#website\"},\"datePublished\":\"2023-01-20T11:39:39+00:00\",\"dateModified\":\"2025-05-20T06:19:43+00:00\",\"description\":\"Byty na pron\u00e1jem v \u00dast\u00ed nad Labem v nov\u00e9m projektu Purky\u0148ova. Pron\u00e1jem ihned ji\u017e od 9 500 K\u010d m\u011bs\u00ed\u010dn\u011b. Nov\u011b zrekonstruovan\u00e9 byty.\",\"breadcrumb\":{\"@id\":\"https:\/\/usti-pronajem.cz\/?page_id=70#breadcrumb\"},\"inLanguage\":\"cs\",\"potentialAction\":[{\"@type\":\"ReadAction\",\"target\":[\"https:\/\/usti-pronajem.cz\/?page_id=70\"]}]},{\"@type\":\"BreadcrumbList\",\"@id\":\"https:\/\/usti-pronajem.cz\/?page_id=70#breadcrumb\",\"itemListElement\":[{\"@type\":\"ListItem\",\"position\":1,\"name\":\"Dom\u016f\",\"item\":\"https:\/\/usti-pronajem.cz\/\"},{\"@type\":\"ListItem\",\"position\":2,\"name\":\"Nab\u00eddka byt\u016f\"}]},{\"@type\":\"WebSite\",\"@id\":\"https:\/\/usti-pronajem.cz\/#website\",\"url\":\"https:\/\/usti-pronajem.cz\/\",\"name\":\"Projekt Purky\u0148ova\",\"description\":\"Developersk\u00fd projekt\",\"publisher\":{\"@id\":\"https:\/\/usti-pronajem.cz\/#organization\"},\"potentialAction\":[{\"@type\":\"SearchAction\",\"target\":{\"@type\":\"EntryPoint\",\"urlTemplate\":\"https:\/\/usti-pronajem.cz\/?s={search_term_string}\"},\"query-input\":\"required name=search_term_string\"}],\"inLanguage\":\"cs\"},{\"@type\":\"Organization\",\"@id\":\"https:\/\/usti-pronajem.cz\/#organization\",\"name\":\"Projekt Purky\u0148ova\",\"url\":\"https:\/\/usti-pronajem.cz\/\",\"logo\":{\"@type\":\"ImageObject\",\"inLanguage\":\"cs\",\"@id\":\"https:\/\/usti-pronajem.cz\/#\/schema\/logo\/image\/\",\"url\":\"https:\/\/usti-pronajem.cz\/wp-content\/uploads\/2023\/08\/logo.svg\",\"contentUrl\":\"https:\/\/usti-pronajem.cz\/wp-content\/uploads\/2023\/08\/logo.svg\",\"width\":227,\"height\":54,\"caption\":\"Projekt Purky\u0148ova\"},\"image\":{\"@id\":\"https:\/\/usti-pronajem.cz\/#\/schema\/logo\/image\/\"}}]}<\/script>\n<!-- \/ Yoast SEO plugin. -->","yoast_head_json":{"title":"Byty na pron\u00e1jem 62 byt\u016f 4 podla\u017e\u00ed \u00dast\u00ed nad Labem | Purky\u0148ova","description":"Byty na pron\u00e1jem v \u00dast\u00ed nad Labem v nov\u00e9m projektu Purky\u0148ova. Pron\u00e1jem ihned ji\u017e od 9 500 K\u010d m\u011bs\u00ed\u010dn\u011b. Nov\u011b zrekonstruovan\u00e9 byty.","robots":{"index":"index","follow":"follow","max-snippet":"max-snippet:-1","max-image-preview":"max-image-preview:large","max-video-preview":"max-video-preview:-1"},"canonical":"https:\/\/usti-pronajem.cz\/?page_id=70","og_locale":"cs_CZ","og_type":"article","og_title":"Byty na pron\u00e1jem 40 byt\u016f 4 podla\u017e\u00ed \u00dast\u00ed nad Labem | Purky\u0148ova","og_description":"Pron\u00e1jem zrekonstruovan\u00fdch byt\u016f v \u00dast\u00ed nad Labem. Nov\u00fd projekt v \u00dast\u00ed nad Labem, ul. Purky\u0148ova 1093\/7 za dostupn\u00e9 ceny.","og_url":"https:\/\/usti-pronajem.cz\/?page_id=70","og_site_name":"Projekt Purky\u0148ova","article_modified_time":"2025-05-20T06:19:43+00:00","og_image":[{"width":1920,"height":1280,"url":"https:\/\/usti-pronajem.cz\/wp-content\/uploads\/2023\/02\/D8E_4342.jpg","type":"image\/jpeg"}],"twitter_card":"summary_large_image","twitter_title":"Byty na pron\u00e1jem \u00dast\u00ed nad Labem | Projekt Purky\u0148ova","twitter_description":"Pron\u00e1jem zrekonstruovan\u00fdch byt\u016f v \u00dast\u00ed nad Labem. Nov\u00fd projekt v \u00dast\u00ed nad Labem, ul. Purky\u0148ova 1093\/7 za dostupn\u00e9 ceny.","twitter_image":"https:\/\/usti-pronajem.cz\/wp-content\/uploads\/2023\/02\/D8E_4342.jpg","twitter_misc":{"Odhadovan\u00e1 doba \u010dten\u00ed":"1 minuta"},"schema":{"@context":"https:\/\/schema.org","@graph":[{"@type":"WebPage","@id":"https:\/\/usti-pronajem.cz\/?page_id=70","url":"https:\/\/usti-pronajem.cz\/?page_id=70","name":"Byty na pron\u00e1jem 62 byt\u016f 4 podla\u017e\u00ed \u00dast\u00ed nad Labem | Purky\u0148ova","isPartOf":{"@id":"https:\/\/usti-pronajem.cz\/#website"},"datePublished":"2023-01-20T11:39:39+00:00","dateModified":"2025-05-20T06:19:43+00:00","description":"Byty na pron\u00e1jem v \u00dast\u00ed nad Labem v nov\u00e9m projektu Purky\u0148ova. Pron\u00e1jem ihned ji\u017e od 9 500 K\u010d m\u011bs\u00ed\u010dn\u011b. Nov\u011b zrekonstruovan\u00e9 byty.","breadcrumb":{"@id":"https:\/\/usti-pronajem.cz\/?page_id=70#breadcrumb"},"inLanguage":"cs","potentialAction":[{"@type":"ReadAction","target":["https:\/\/usti-pronajem.cz\/?page_id=70"]}]},{"@type":"BreadcrumbList","@id":"https:\/\/usti-pronajem.cz\/?page_id=70#breadcrumb","itemListElement":[{"@type":"ListItem","position":1,"name":"Dom\u016f","item":"https:\/\/usti-pronajem.cz\/"},{"@type":"ListItem","position":2,"name":"Nab\u00eddka byt\u016f"}]},{"@type":"WebSite","@id":"https:\/\/usti-pronajem.cz\/#website","url":"https:\/\/usti-pronajem.cz\/","name":"Projekt Purky\u0148ova","description":"Developersk\u00fd projekt","publisher":{"@id":"https:\/\/usti-pronajem.cz\/#organization"},"potentialAction":[{"@type":"SearchAction","target":{"@type":"EntryPoint","urlTemplate":"https:\/\/usti-pronajem.cz\/?s={search_term_string}"},"query-input":"required name=search_term_string"}],"inLanguage":"cs"},{"@type":"Organization","@id":"https:\/\/usti-pronajem.cz\/#organization","name":"Projekt Purky\u0148ova","url":"https:\/\/usti-pronajem.cz\/","logo":{"@type":"ImageObject","inLanguage":"cs","@id":"https:\/\/usti-pronajem.cz\/#\/schema\/logo\/image\/","url":"https:\/\/usti-pronajem.cz\/wp-content\/uploads\/2023\/08\/logo.svg","contentUrl":"https:\/\/usti-pronajem.cz\/wp-content\/uploads\/2023\/08\/logo.svg","width":227,"height":54,"caption":"Projekt Purky\u0148ova"},"image":{"@id":"https:\/\/usti-pronajem.cz\/#\/schema\/logo\/image\/"}}]}},"_links":{"self":[{"href":"https:\/\/usti-pronajem.cz\/index.php?rest_route=\/wp\/v2\/pages\/70","targetHints":{"allow":["GET"]}}],"collection":[{"href":"https:\/\/usti-pronajem.cz\/index.php?rest_route=\/wp\/v2\/pages"}],"about":[{"href":"https:\/\/usti-pronajem.cz\/index.php?rest_route=\/wp\/v2\/types\/page"}],"author":[{"embeddable":true,"href":"https:\/\/usti-pronajem.cz\/index.php?rest_route=\/wp\/v2\/users\/2"}],"replies":[{"embeddable":true,"href":"https:\/\/usti-pronajem.cz\/index.php?rest_route=%2Fwp%2Fv2%2Fcomments&post=70"}],"version-history":[{"count":13,"href":"https:\/\/usti-pronajem.cz\/index.php?rest_route=\/wp\/v2\/pages\/70\/revisions"}],"predecessor-version":[{"id":1127,"href":"https:\/\/usti-pronajem.cz\/index.php?rest_route=\/wp\/v2\/pages\/70\/revisions\/1127"}],"wp:attachment":[{"href":"https:\/\/usti-pronajem.cz\/index.php?rest_route=%2Fwp%2Fv2%2Fmedia&parent=70"}],"curies":[{"name":"wp","href":"https:\/\/api.w.org\/{rel}","templated":true}]}}